{"id":9618,"date":"2020-02-07T12:49:48","date_gmt":"2020-02-07T12:49:48","guid":{"rendered":"https:\/\/olivamorosicristians.es\/?page_id=9618"},"modified":"2020-02-07T12:49:50","modified_gmt":"2020-02-07T12:49:50","slug":"putxeros-mig-any-2020","status":"publish","type":"page","link":"https:\/\/olivamorosicristians.es\/es\/putxeros-mig-any-2020\/","title":{"rendered":"Putxeros Mig Any 2020"},"content":{"rendered":"<p><strong>La Federaci\u00f3 de Moros i Cristians\nd\u2019Oliva, amb la col\u00b7laboraci\u00f3 de la regidoria de festes, te el\nplaer de comunicar la celebraci\u00f3 dels Putxeros del mig any de les\nFestes de Moros i Cristians d\u2019Oliva que ser\u00e0 el pr\u00f2xim dissabte 8\nde febrer a la Pla\u00e7a Joan Baptista Escriv\u00e0.<\/strong><\/p>\n\n\n\n<p>Novament, el concurs de putxeros es celebrar\u00e0 dissabte i la jornada comen\u00e7ar\u00e0 a les 8:00h amb el tradicional foc d\u2019arcabusseria i cercavila pels carrers del Raval de la ciutat, i seguidament festa amenitzada per l\u2019AAMO a la pla\u00e7a Joan Baptista Escriv\u00e0.<\/p>\n\n\n\n<div class=\"wp-block-image\"><figure class=\"aligncenter size-large is-resized\"><img data-recalc-dims=\"1\" loading=\"lazy\" decoding=\"async\" data-attachment-id=\"9621\" data-permalink=\"https:\/\/olivamorosicristians.es\/es\/putxeros-mig-any-2020\/whatsapp-image-2020-02-06-at-15-42-38\/\" data-orig-file=\"https:\/\/i0.wp.com\/olivamorosicristians.es\/wp-content\/uploads\/2020\/02\/WhatsApp-Image-2020-02-06-at-15.42.38.jpeg?fit=960%2C640&amp;ssl=1\" data-orig-size=\"960,640\" data-comments-opened=\"0\" data-image-meta=\"{&quot;aperture&quot;:&quot;0&quot;,&quot;credit&quot;:&quot;&quot;,&quot;camera&quot;:&quot;&quot;,&quot;caption&quot;:&quot;&quot;,&quot;created_timestamp&quot;:&quot;0&quot;,&quot;copyright&quot;:&quot;&quot;,&quot;focal_length&quot;:&quot;0&quot;,&quot;iso&quot;:&quot;0&quot;,&quot;shutter_speed&quot;:&quot;0&quot;,&quot;title&quot;:&quot;&quot;,&quot;orientation&quot;:&quot;0&quot;}\" data-image-title=\"WhatsApp-Image-2020-02-06-at-15.42.38\" data-image-description=\"\" data-image-caption=\"\" data-medium-file=\"https:\/\/i0.wp.com\/olivamorosicristians.es\/wp-content\/uploads\/2020\/02\/WhatsApp-Image-2020-02-06-at-15.42.38.jpeg?fit=300%2C200&amp;ssl=1\" data-large-file=\"https:\/\/i0.wp.com\/olivamorosicristians.es\/wp-content\/uploads\/2020\/02\/WhatsApp-Image-2020-02-06-at-15.42.38.jpeg?fit=960%2C640&amp;ssl=1\" src=\"https:\/\/i0.wp.com\/olivamorosicristians.es\/wp-content\/uploads\/2020\/02\/WhatsApp-Image-2020-02-06-at-15.42.38.jpeg?resize=480%2C320&#038;ssl=1\" alt=\"\" class=\"wp-image-9621\" width=\"480\" height=\"320\" srcset=\"https:\/\/i0.wp.com\/olivamorosicristians.es\/wp-content\/uploads\/2020\/02\/WhatsApp-Image-2020-02-06-at-15.42.38.jpeg?w=960&amp;ssl=1 960w, https:\/\/i0.wp.com\/olivamorosicristians.es\/wp-content\/uploads\/2020\/02\/WhatsApp-Image-2020-02-06-at-15.42.38.jpeg?resize=300%2C200&amp;ssl=1 300w, https:\/\/i0.wp.com\/olivamorosicristians.es\/wp-content\/uploads\/2020\/02\/WhatsApp-Image-2020-02-06-at-15.42.38.jpeg?resize=768%2C512&amp;ssl=1 768w, https:\/\/i0.wp.com\/olivamorosicristians.es\/wp-content\/uploads\/2020\/02\/WhatsApp-Image-2020-02-06-at-15.42.38.jpeg?resize=640%2C427&amp;ssl=1 640w\" sizes=\"auto, (max-width: 480px) 100vw, 480px\" \/><\/figure><\/div>\n\n\n\n<p>A les 8:00h es\nconcentraran els festers que participaran de la Diana d\u2019arcabusseria,\nla \u201cdespert\u00e0\u201d. La colla de trabuquers composada per membres de\ntotes les filades dispararan els seus arcabussos per tot el Raval i\nVila de la ciutat d\u2019Oliva, acompanyats per la&nbsp;<strong>AAMO\nd\u2019Oliva<\/strong>&nbsp;(Associaci\u00f3 Art\u00edstico Musical d\u2019Oliva) que\ninterpretar\u00e0 pas dobles dianers, per convocar a participar a tots\nels ve\u00efns de la ciutat. Est\u00e0 prevista l\u2019aplegada a les 10:00h a\nla placeta Joan Baptista Escriv\u00e0, de nou, on cada filada preparar\u00e0\nel seu putxero que degustaran els festers i ve\u00efns que tinguen el\ngust d\u2019acostar-se a la pla\u00e7a.<\/p>\n\n\n\n<p>Al llarg del mat\u00ed,\nmentre es cuinen els&nbsp;<strong>Putxeros<\/strong>, l\u2019AMMO interpretar\u00e0\nm\u00fasica de xaranga, marxes mores i cristianes on els festers i ve\u00efns\nformaran les primeres esquadres de l\u2019any.<\/p>\n\n\n\n<p>Com novetat d\u2019enguany,\nl\u2019entrega dels premis de dibuixos escolars no es realitzaran als\nputxeros del Mig Any, sin\u00f3 que es traslladen a la Fireta Infantil de\nMoros i Cristians que la Federaci\u00f3 de Moros i Cristians d\u2019Oliva\norganitza a finals de juny. \n<\/p>\n\n\n\n<p>No obstant aix\u00f2, a les\n12:00h es realitzar\u00e0 l\u2019entrega del Concurs de Cartells. Els\nguanyadors d\u2019enguany s\u00f3n: \n<\/p>\n\n\n\n<p>Guanyador absolut:  <strong>Juan\nDiego Ingelmo Benavente<\/strong> (Borriana), amb l\u2019obra \u201cTatuaje\u201d.<\/p>\n\n\n\n<div class=\"wp-block-image\"><figure class=\"aligncenter size-large is-resized\"><img loading=\"lazy\" decoding=\"async\" data-attachment-id=\"9619\" data-permalink=\"https:\/\/olivamorosicristians.es\/es\/putxeros-mig-any-2020\/tatuaje\/\" data-orig-file=\"https:\/\/i0.wp.com\/olivamorosicristians.es\/wp-content\/uploads\/2020\/02\/Tatuaje.jpeg?fit=1142%2C1600&amp;ssl=1\" data-orig-size=\"1142,1600\" data-comments-opened=\"0\" data-image-meta=\"{&quot;aperture&quot;:&quot;0&quot;,&quot;credit&quot;:&quot;&quot;,&quot;camera&quot;:&quot;&quot;,&quot;caption&quot;:&quot;&quot;,&quot;created_timestamp&quot;:&quot;0&quot;,&quot;copyright&quot;:&quot;&quot;,&quot;focal_length&quot;:&quot;0&quot;,&quot;iso&quot;:&quot;0&quot;,&quot;shutter_speed&quot;:&quot;0&quot;,&quot;title&quot;:&quot;&quot;,&quot;orientation&quot;:&quot;0&quot;}\" data-image-title=\"Tatuaje\" data-image-description=\"\" data-image-caption=\"\" data-medium-file=\"https:\/\/i0.wp.com\/olivamorosicristians.es\/wp-content\/uploads\/2020\/02\/Tatuaje.jpeg?fit=214%2C300&amp;ssl=1\" data-large-file=\"https:\/\/i0.wp.com\/olivamorosicristians.es\/wp-content\/uploads\/2020\/02\/Tatuaje.jpeg?fit=731%2C1024&amp;ssl=1\" src=\"https:\/\/i2.wp.com\/olivamorosicristians.es\/wp-content\/uploads\/2020\/02\/Tatuaje.jpeg?fit=731%2C1024&amp;ssl=1\" alt=\"\" class=\"wp-image-9619\" width=\"183\" height=\"256\" srcset=\"https:\/\/i0.wp.com\/olivamorosicristians.es\/wp-content\/uploads\/2020\/02\/Tatuaje.jpeg?w=1142&amp;ssl=1 1142w, https:\/\/i0.wp.com\/olivamorosicristians.es\/wp-content\/uploads\/2020\/02\/Tatuaje.jpeg?resize=214%2C300&amp;ssl=1 214w, https:\/\/i0.wp.com\/olivamorosicristians.es\/wp-content\/uploads\/2020\/02\/Tatuaje.jpeg?resize=731%2C1024&amp;ssl=1 731w, https:\/\/i0.wp.com\/olivamorosicristians.es\/wp-content\/uploads\/2020\/02\/Tatuaje.jpeg?resize=768%2C1076&amp;ssl=1 768w, https:\/\/i0.wp.com\/olivamorosicristians.es\/wp-content\/uploads\/2020\/02\/Tatuaje.jpeg?resize=1096%2C1536&amp;ssl=1 1096w, https:\/\/i0.wp.com\/olivamorosicristians.es\/wp-content\/uploads\/2020\/02\/Tatuaje.jpeg?resize=640%2C897&amp;ssl=1 640w\" sizes=\"auto, (max-width: 183px) 100vw, 183px\" \/><\/figure><\/div>\n\n\n\n<p>Guanyador local: <strong>Jordi Falg\u00e0s Vicent<\/strong> (Oliva), amb l\u2019obra \u201cMiCO\u201d.<\/p>\n\n\n\n<div class=\"wp-block-image\"><figure class=\"aligncenter size-large is-resized\"><img loading=\"lazy\" decoding=\"async\" data-attachment-id=\"9620\" data-permalink=\"https:\/\/olivamorosicristians.es\/es\/putxeros-mig-any-2020\/cartell-mico\/\" data-orig-file=\"https:\/\/i0.wp.com\/olivamorosicristians.es\/wp-content\/uploads\/2020\/02\/Cartell-MiCO.jpeg?fit=1142%2C1600&amp;ssl=1\" data-orig-size=\"1142,1600\" data-comments-opened=\"0\" data-image-meta=\"{&quot;aperture&quot;:&quot;0&quot;,&quot;credit&quot;:&quot;&quot;,&quot;camera&quot;:&quot;&quot;,&quot;caption&quot;:&quot;&quot;,&quot;created_timestamp&quot;:&quot;0&quot;,&quot;copyright&quot;:&quot;&quot;,&quot;focal_length&quot;:&quot;0&quot;,&quot;iso&quot;:&quot;0&quot;,&quot;shutter_speed&quot;:&quot;0&quot;,&quot;title&quot;:&quot;&quot;,&quot;orientation&quot;:&quot;0&quot;}\" data-image-title=\"Cartell-MiCO\" data-image-description=\"\" data-image-caption=\"\" data-medium-file=\"https:\/\/i0.wp.com\/olivamorosicristians.es\/wp-content\/uploads\/2020\/02\/Cartell-MiCO.jpeg?fit=214%2C300&amp;ssl=1\" data-large-file=\"https:\/\/i0.wp.com\/olivamorosicristians.es\/wp-content\/uploads\/2020\/02\/Cartell-MiCO.jpeg?fit=731%2C1024&amp;ssl=1\" src=\"https:\/\/i0.wp.com\/olivamorosicristians.es\/wp-content\/uploads\/2020\/02\/Cartell-MiCO.jpeg?fit=731%2C1024&amp;ssl=1\" alt=\"\" class=\"wp-image-9620\" width=\"183\" height=\"256\" srcset=\"https:\/\/i0.wp.com\/olivamorosicristians.es\/wp-content\/uploads\/2020\/02\/Cartell-MiCO.jpeg?w=1142&amp;ssl=1 1142w, https:\/\/i0.wp.com\/olivamorosicristians.es\/wp-content\/uploads\/2020\/02\/Cartell-MiCO.jpeg?resize=214%2C300&amp;ssl=1 214w, https:\/\/i0.wp.com\/olivamorosicristians.es\/wp-content\/uploads\/2020\/02\/Cartell-MiCO.jpeg?resize=731%2C1024&amp;ssl=1 731w, https:\/\/i0.wp.com\/olivamorosicristians.es\/wp-content\/uploads\/2020\/02\/Cartell-MiCO.jpeg?resize=768%2C1076&amp;ssl=1 768w, https:\/\/i0.wp.com\/olivamorosicristians.es\/wp-content\/uploads\/2020\/02\/Cartell-MiCO.jpeg?resize=1096%2C1536&amp;ssl=1 1096w, https:\/\/i0.wp.com\/olivamorosicristians.es\/wp-content\/uploads\/2020\/02\/Cartell-MiCO.jpeg?resize=640%2C897&amp;ssl=1 640w\" sizes=\"auto, (max-width: 183px) 100vw, 183px\" \/><\/figure><\/div>\n\n\n\n<p>El cartell guanyador\nabsolut ser\u00e0 la imatge de les Festes de Moros i Cristians d\u2019Oliva\n2020. \n<\/p>\n\n\n\n<p><strong>A les 13:00h<\/strong> les\nfilades faran entrega dels putxeros al jurat valorador, que enguany\nel conformaran: David Gonz\u00e1lez (Alcalde d\u2019Oliva), Yolanda Navarro\n(Regidora de Festes), Joaquim Calafat (Regidor de Turisme), Miquel\nFont (periodista gastron\u00f2mic), Paco Oltra \u201cSoqueta\u201d (President\nde Gastroliva) i Juan Salvador Gay\u00e1 (Gastr\u00f2nom i escriptor).<\/p>\n\n\n\n<p>A efectes informatius, i recordant que\nl\u2019entrega de premis es realitzar\u00e0 al juny, a la  Fireta Infantil\nde Moros i Cristians, fem p\u00fablic que els guanyadors del concurs de\ndibuixos infantils s\u00f3n: \n<\/p>\n\n\n\n<p><strong>CATEGORIA A<\/strong><\/p>\n\n\n\n<p>1 Premi: Ferran Nieto Sanchis (Col\u00b7legi\nEl Rebollet 3B)<\/p>\n\n\n\n<p>2 Premi: Sof\u00eda Salabert Escriv\u00e0\n(Col\u00b7legi Sant Josep de la Muntanya 4)<\/p>\n\n\n\n<p>3 Premi: Nuria Moragues P\u00e9rez\n(Col\u00b7legi Alfadal\u00ed 3A)<\/p>\n\n\n\n<p><strong>CATEGORIA B:<\/strong><\/p>\n\n\n\n<p>1 Premi: Sara Tom\u00e1s Garc\u00eda (Col\u00b7legi\nLlu\u00eds Vives 6A)<\/p>\n\n\n\n<p>2 Premi: Laia Roig Cl\u00e9ries (Col\u00b7legi\nEl Rebollet 5A)<\/p>\n\n\n\n<p>3 Premi: \u00c0ngela Costa Monz\u00f3 (Col\u00b7legi\nEl Rebollet 5B)<\/p>","protected":false},"excerpt":{"rendered":"<p>La Federaci\u00f3 de Moros i Cristians d\u2019Oliva, amb la col\u00b7laboraci\u00f3 de la regidoria de festes, te el plaer de comunicar la celebraci\u00f3 dels Putxeros del mig any de les Festes de Moros i Cristians d\u2019Oliva que ser\u00e0 el pr\u00f2xim dissabte 8 de febrer a la Pla\u00e7a Joan Baptista Escriv\u00e0. Novament, el concurs de putxeros es [&hellip;]<\/p>\n","protected":false},"author":1,"featured_media":9622,"parent":0,"menu_order":0,"comment_status":"closed","ping_status":"closed","template":"","meta":{"jetpack_post_was_ever_published":false,"footnotes":""},"class_list":["post-9618","page","type-page","status-publish","has-post-thumbnail","hentry"],"yoast_head":"<!-- This site is optimized with the Yoast SEO plugin v27.3 - https:\/\/yoast.com\/product\/yoast-seo-wordpress\/ -->\n<title>Putxeros Mig Any 2020 - Moros i Cristians Oliva<\/title>\n<meta name=\"robots\" content=\"index, follow, max-snippet:-1, max-image-preview:large, max-video-preview:-1\" \/>\n<link rel=\"canonical\" href=\"https:\/\/olivamorosicristians.es\/es\/putxeros-mig-any-2020\/\" \/>\n<meta property=\"og:locale\" content=\"es_ES\" \/>\n<meta property=\"og:type\" content=\"article\" \/>\n<meta property=\"og:title\" content=\"Putxeros Mig Any 2020 - Moros i Cristians Oliva\" \/>\n<meta property=\"og:description\" content=\"La Federaci\u00f3 de Moros i Cristians d\u2019Oliva, amb la col\u00b7laboraci\u00f3 de la regidoria de festes, te el plaer de comunicar la celebraci\u00f3 dels Putxeros del mig any de les Festes de Moros i Cristians d\u2019Oliva que ser\u00e0 el pr\u00f2xim dissabte 8 de febrer a la Pla\u00e7a Joan Baptista Escriv\u00e0. Novament, el concurs de putxeros es [&hellip;]\" \/>\n<meta property=\"og:url\" content=\"https:\/\/olivamorosicristians.es\/es\/putxeros-mig-any-2020\/\" \/>\n<meta property=\"og:site_name\" content=\"Moros i Cristians Oliva\" \/>\n<meta property=\"article:publisher\" content=\"https:\/\/www.facebook.com\/federaciodemorosicristiansdoliva\/\" \/>\n<meta property=\"article:modified_time\" content=\"2020-02-07T12:49:50+00:00\" \/>\n<meta property=\"og:image\" content=\"https:\/\/i1.wp.com\/olivamorosicristians.es\/wp-content\/uploads\/2020\/02\/WhatsApp-Image-2020-02-06-at-15.42.36-e1581079904710.jpeg?fit=600%2C400&ssl=1\" \/>\n\t<meta property=\"og:image:width\" content=\"600\" \/>\n\t<meta property=\"og:image:height\" content=\"400\" \/>\n\t<meta property=\"og:image:type\" content=\"image\/jpeg\" \/>\n<meta name=\"twitter:card\" content=\"summary_large_image\" \/>\n<meta name=\"twitter:label1\" content=\"Tiempo de lectura\" \/>\n\t<meta name=\"twitter:data1\" content=\"2 minutos\" \/>\n<script type=\"application\/ld+json\" class=\"yoast-schema-graph\">{\"@context\":\"https:\\\/\\\/schema.org\",\"@graph\":[{\"@type\":\"WebPage\",\"@id\":\"https:\\\/\\\/olivamorosicristians.es\\\/putxeros-mig-any-2020\\\/\",\"url\":\"https:\\\/\\\/olivamorosicristians.es\\\/putxeros-mig-any-2020\\\/\",\"name\":\"Putxeros Mig Any 2020 - Moros i Cristians Oliva\",\"isPartOf\":{\"@id\":\"https:\\\/\\\/olivamorosicristians.es\\\/#website\"},\"primaryImageOfPage\":{\"@id\":\"https:\\\/\\\/olivamorosicristians.es\\\/putxeros-mig-any-2020\\\/#primaryimage\"},\"image\":{\"@id\":\"https:\\\/\\\/olivamorosicristians.es\\\/putxeros-mig-any-2020\\\/#primaryimage\"},\"thumbnailUrl\":\"https:\\\/\\\/i0.wp.com\\\/olivamorosicristians.es\\\/wp-content\\\/uploads\\\/2020\\\/02\\\/WhatsApp-Image-2020-02-06-at-15.42.36-e1581079904710.jpeg?fit=600%2C400&ssl=1\",\"datePublished\":\"2020-02-07T12:49:48+00:00\",\"dateModified\":\"2020-02-07T12:49:50+00:00\",\"breadcrumb\":{\"@id\":\"https:\\\/\\\/olivamorosicristians.es\\\/putxeros-mig-any-2020\\\/#breadcrumb\"},\"inLanguage\":\"es\",\"potentialAction\":[{\"@type\":\"ReadAction\",\"target\":[\"https:\\\/\\\/olivamorosicristians.es\\\/putxeros-mig-any-2020\\\/\"]}]},{\"@type\":\"ImageObject\",\"inLanguage\":\"es\",\"@id\":\"https:\\\/\\\/olivamorosicristians.es\\\/putxeros-mig-any-2020\\\/#primaryimage\",\"url\":\"https:\\\/\\\/i0.wp.com\\\/olivamorosicristians.es\\\/wp-content\\\/uploads\\\/2020\\\/02\\\/WhatsApp-Image-2020-02-06-at-15.42.36-e1581079904710.jpeg?fit=600%2C400&ssl=1\",\"contentUrl\":\"https:\\\/\\\/i0.wp.com\\\/olivamorosicristians.es\\\/wp-content\\\/uploads\\\/2020\\\/02\\\/WhatsApp-Image-2020-02-06-at-15.42.36-e1581079904710.jpeg?fit=600%2C400&ssl=1\",\"width\":600,\"height\":400},{\"@type\":\"BreadcrumbList\",\"@id\":\"https:\\\/\\\/olivamorosicristians.es\\\/putxeros-mig-any-2020\\\/#breadcrumb\",\"itemListElement\":[{\"@type\":\"ListItem\",\"position\":1,\"name\":\"Portada\",\"item\":\"https:\\\/\\\/olivamorosicristians.es\\\/\"},{\"@type\":\"ListItem\",\"position\":2,\"name\":\"Putxeros Mig Any 2020\"}]},{\"@type\":\"WebSite\",\"@id\":\"https:\\\/\\\/olivamorosicristians.es\\\/#website\",\"url\":\"https:\\\/\\\/olivamorosicristians.es\\\/\",\"name\":\"Moros i Cristians Oliva\",\"description\":\"FMCO\",\"publisher\":{\"@id\":\"https:\\\/\\\/olivamorosicristians.es\\\/#organization\"},\"potentialAction\":[{\"@type\":\"SearchAction\",\"target\":{\"@type\":\"EntryPoint\",\"urlTemplate\":\"https:\\\/\\\/olivamorosicristians.es\\\/?s={search_term_string}\"},\"query-input\":{\"@type\":\"PropertyValueSpecification\",\"valueRequired\":true,\"valueName\":\"search_term_string\"}}],\"inLanguage\":\"es\"},{\"@type\":\"Organization\",\"@id\":\"https:\\\/\\\/olivamorosicristians.es\\\/#organization\",\"name\":\"Federaci\u00f3 de Moros i Cristians - Oliva\",\"url\":\"https:\\\/\\\/olivamorosicristians.es\\\/\",\"logo\":{\"@type\":\"ImageObject\",\"inLanguage\":\"es\",\"@id\":\"https:\\\/\\\/olivamorosicristians.es\\\/#\\\/schema\\\/logo\\\/image\\\/\",\"url\":\"https:\\\/\\\/i2.wp.com\\\/olivamorosicristians.es\\\/wp-content\\\/uploads\\\/2018\\\/06\\\/Icon_FMiCO.png?fit=50%2C50&ssl=1\",\"contentUrl\":\"https:\\\/\\\/i2.wp.com\\\/olivamorosicristians.es\\\/wp-content\\\/uploads\\\/2018\\\/06\\\/Icon_FMiCO.png?fit=50%2C50&ssl=1\",\"width\":50,\"height\":50,\"caption\":\"Federaci\u00f3 de Moros i Cristians - Oliva\"},\"image\":{\"@id\":\"https:\\\/\\\/olivamorosicristians.es\\\/#\\\/schema\\\/logo\\\/image\\\/\"},\"sameAs\":[\"https:\\\/\\\/www.facebook.com\\\/federaciodemorosicristiansdoliva\\\/\",\"https:\\\/\\\/www.instagram.com\\\/morosicristiansoliva\\\/?hl=es\"]}]}<\/script>\n<!-- \/ Yoast SEO plugin. -->","yoast_head_json":{"title":"Putxeros Mig Any 2020 - Moros i Cristians Oliva","robots":{"index":"index","follow":"follow","max-snippet":"max-snippet:-1","max-image-preview":"max-image-preview:large","max-video-preview":"max-video-preview:-1"},"canonical":"https:\/\/olivamorosicristians.es\/es\/putxeros-mig-any-2020\/","og_locale":"es_ES","og_type":"article","og_title":"Putxeros Mig Any 2020 - Moros i Cristians Oliva","og_description":"La Federaci\u00f3 de Moros i Cristians d\u2019Oliva, amb la col\u00b7laboraci\u00f3 de la regidoria de festes, te el plaer de comunicar la celebraci\u00f3 dels Putxeros del mig any de les Festes de Moros i Cristians d\u2019Oliva que ser\u00e0 el pr\u00f2xim dissabte 8 de febrer a la Pla\u00e7a Joan Baptista Escriv\u00e0. Novament, el concurs de putxeros es [&hellip;]","og_url":"https:\/\/olivamorosicristians.es\/es\/putxeros-mig-any-2020\/","og_site_name":"Moros i Cristians Oliva","article_publisher":"https:\/\/www.facebook.com\/federaciodemorosicristiansdoliva\/","article_modified_time":"2020-02-07T12:49:50+00:00","og_image":[{"width":600,"height":400,"url":"https:\/\/i1.wp.com\/olivamorosicristians.es\/wp-content\/uploads\/2020\/02\/WhatsApp-Image-2020-02-06-at-15.42.36-e1581079904710.jpeg?fit=600%2C400&ssl=1","type":"image\/jpeg"}],"twitter_card":"summary_large_image","twitter_misc":{"Tiempo de lectura":"2 minutos"},"schema":{"@context":"https:\/\/schema.org","@graph":[{"@type":"WebPage","@id":"https:\/\/olivamorosicristians.es\/putxeros-mig-any-2020\/","url":"https:\/\/olivamorosicristians.es\/putxeros-mig-any-2020\/","name":"Putxeros Mig Any 2020 - Moros i Cristians Oliva","isPartOf":{"@id":"https:\/\/olivamorosicristians.es\/#website"},"primaryImageOfPage":{"@id":"https:\/\/olivamorosicristians.es\/putxeros-mig-any-2020\/#primaryimage"},"image":{"@id":"https:\/\/olivamorosicristians.es\/putxeros-mig-any-2020\/#primaryimage"},"thumbnailUrl":"https:\/\/i0.wp.com\/olivamorosicristians.es\/wp-content\/uploads\/2020\/02\/WhatsApp-Image-2020-02-06-at-15.42.36-e1581079904710.jpeg?fit=600%2C400&ssl=1","datePublished":"2020-02-07T12:49:48+00:00","dateModified":"2020-02-07T12:49:50+00:00","breadcrumb":{"@id":"https:\/\/olivamorosicristians.es\/putxeros-mig-any-2020\/#breadcrumb"},"inLanguage":"es","potentialAction":[{"@type":"ReadAction","target":["https:\/\/olivamorosicristians.es\/putxeros-mig-any-2020\/"]}]},{"@type":"ImageObject","inLanguage":"es","@id":"https:\/\/olivamorosicristians.es\/putxeros-mig-any-2020\/#primaryimage","url":"https:\/\/i0.wp.com\/olivamorosicristians.es\/wp-content\/uploads\/2020\/02\/WhatsApp-Image-2020-02-06-at-15.42.36-e1581079904710.jpeg?fit=600%2C400&ssl=1","contentUrl":"https:\/\/i0.wp.com\/olivamorosicristians.es\/wp-content\/uploads\/2020\/02\/WhatsApp-Image-2020-02-06-at-15.42.36-e1581079904710.jpeg?fit=600%2C400&ssl=1","width":600,"height":400},{"@type":"BreadcrumbList","@id":"https:\/\/olivamorosicristians.es\/putxeros-mig-any-2020\/#breadcrumb","itemListElement":[{"@type":"ListItem","position":1,"name":"Portada","item":"https:\/\/olivamorosicristians.es\/"},{"@type":"ListItem","position":2,"name":"Putxeros Mig Any 2020"}]},{"@type":"WebSite","@id":"https:\/\/olivamorosicristians.es\/#website","url":"https:\/\/olivamorosicristians.es\/","name":"Moros i Cristians Oliva","description":"FMCO","publisher":{"@id":"https:\/\/olivamorosicristians.es\/#organization"},"potentialAction":[{"@type":"SearchAction","target":{"@type":"EntryPoint","urlTemplate":"https:\/\/olivamorosicristians.es\/?s={search_term_string}"},"query-input":{"@type":"PropertyValueSpecification","valueRequired":true,"valueName":"search_term_string"}}],"inLanguage":"es"},{"@type":"Organization","@id":"https:\/\/olivamorosicristians.es\/#organization","name":"La Federaci\u00f3n de Moros y Cristianos de Oliva","url":"https:\/\/olivamorosicristians.es\/","logo":{"@type":"ImageObject","inLanguage":"es","@id":"https:\/\/olivamorosicristians.es\/#\/schema\/logo\/image\/","url":"https:\/\/i2.wp.com\/olivamorosicristians.es\/wp-content\/uploads\/2018\/06\/Icon_FMiCO.png?fit=50%2C50&ssl=1","contentUrl":"https:\/\/i2.wp.com\/olivamorosicristians.es\/wp-content\/uploads\/2018\/06\/Icon_FMiCO.png?fit=50%2C50&ssl=1","width":50,"height":50,"caption":"Federaci\u00f3 de Moros i Cristians - Oliva"},"image":{"@id":"https:\/\/olivamorosicristians.es\/#\/schema\/logo\/image\/"},"sameAs":["https:\/\/www.facebook.com\/federaciodemorosicristiansdoliva\/","https:\/\/www.instagram.com\/morosicristiansoliva\/?hl=es"]}]}},"jetpack_sharing_enabled":true,"jetpack_shortlink":"https:\/\/wp.me\/PagEx6-2v8","jetpack-related-posts":[],"_links":{"self":[{"href":"https:\/\/olivamorosicristians.es\/es\/wp-json\/wp\/v2\/pages\/9618","targetHints":{"allow":["GET"]}}],"collection":[{"href":"https:\/\/olivamorosicristians.es\/es\/wp-json\/wp\/v2\/pages"}],"about":[{"href":"https:\/\/olivamorosicristians.es\/es\/wp-json\/wp\/v2\/types\/page"}],"author":[{"embeddable":true,"href":"https:\/\/olivamorosicristians.es\/es\/wp-json\/wp\/v2\/users\/1"}],"replies":[{"embeddable":true,"href":"https:\/\/olivamorosicristians.es\/es\/wp-json\/wp\/v2\/comments?post=9618"}],"version-history":[{"count":2,"href":"https:\/\/olivamorosicristians.es\/es\/wp-json\/wp\/v2\/pages\/9618\/revisions"}],"predecessor-version":[{"id":9624,"href":"https:\/\/olivamorosicristians.es\/es\/wp-json\/wp\/v2\/pages\/9618\/revisions\/9624"}],"wp:featuredmedia":[{"embeddable":true,"href":"https:\/\/olivamorosicristians.es\/es\/wp-json\/wp\/v2\/media\/9622"}],"wp:attachment":[{"href":"https:\/\/olivamorosicristians.es\/es\/wp-json\/wp\/v2\/media?parent=9618"}],"curies":[{"name":"wp","href":"https:\/\/api.w.org\/{rel}","templated":true}]}}