{"id":10321,"date":"2021-04-08T20:07:46","date_gmt":"2021-04-08T18:07:46","guid":{"rendered":"https:\/\/olivamorosicristians.es\/?page_id=10321"},"modified":"2021-04-08T20:51:02","modified_gmt":"2021-04-08T18:51:02","slug":"alta-de-la-subscripcio-de-noticies","status":"publish","type":"page","link":"https:\/\/olivamorosicristians.es\/es\/noticies\/alta-de-la-subscripcio-de-noticies\/","title":{"rendered":"Alta de la subscripci\u00f3 de not\u00edcies"},"content":{"rendered":"<section class=\"w-section\">\r\n<div class=\"row\"><div class=\"col col-12\">\r\n    <div class=\"col-inner\"><div class=\"w-custom-heading\">\n    <h3 style=\"font-size: 20px;color: #b7a073;line-height: 2;text-align: left;font-family:Montserrat;font-weight:700;font-style:normal\">    Benvingut a Not\u00edcies de la FMiCO    <\/h3><\/div><div class=\"w-space\" style=\"height:30px\"><\/div><div class=\"w-custom-heading\">\n    <h2 style=\"font-size: 18px;color: #000000;line-height: 2;text-align: left;font-family:Montserrat;font-weight:400;font-style:normal\">    Et recordem que has de confirmar la subscripci\u00f3 que t'arribar\u00e0 al correu amb qu\u00e8 t'has subscrit.<\/p>\n<p>D'ara en endavant cada vegada que publiquem una not\u00edcia t'arribar\u00e0 al teu correu electr\u00f2nic i aix\u00ed estar\u00e0s a el dia de les novetats de la Festa.<br \/>\nGr\u00e0cies per la teua subscripci\u00f3<br \/>\nFMiCO.    <\/h2><\/div><\/div><\/div><\/div><\/section>","protected":false},"excerpt":{"rendered":"Benvingut a Not\u00edcies de la FMiCO Et recordem que has de confirmar la subscripci\u00f3 que t'arribar\u00e0 al correu amb qu\u00e8 t'has subscrit. D'ara en endavant cada vegada que publiquem una not\u00edcia t'arribar\u00e0 al teu correu electr\u00f2nic i aix\u00ed estar\u00e0s a el dia de les novetats de la Festa. Gr\u00e0cies per la teua subscripci\u00f3 FMiCO.","protected":false},"author":1,"featured_media":0,"parent":7042,"menu_order":0,"comment_status":"closed","ping_status":"closed","template":"","meta":{"jetpack_post_was_ever_published":false,"footnotes":""},"class_list":["post-10321","page","type-page","status-publish","hentry"],"yoast_head":"<!-- This site is optimized with the Yoast SEO plugin v27.3 - https:\/\/yoast.com\/product\/yoast-seo-wordpress\/ -->\n<title>Alta de la subscripci\u00f3 de not\u00edcies - Moros i Cristians Oliva<\/title>\n<meta name=\"robots\" content=\"index, follow, max-snippet:-1, max-image-preview:large, max-video-preview:-1\" \/>\n<link rel=\"canonical\" href=\"https:\/\/olivamorosicristians.es\/es\/noticies\/alta-de-la-subscripcio-de-noticies\/\" \/>\n<meta property=\"og:locale\" content=\"es_ES\" \/>\n<meta property=\"og:type\" content=\"article\" \/>\n<meta property=\"og:title\" content=\"Alta de la subscripci\u00f3 de not\u00edcies - Moros i Cristians Oliva\" \/>\n<meta property=\"og:url\" content=\"https:\/\/olivamorosicristians.es\/es\/noticies\/alta-de-la-subscripcio-de-noticies\/\" \/>\n<meta property=\"og:site_name\" content=\"Moros i Cristians Oliva\" \/>\n<meta property=\"article:publisher\" content=\"https:\/\/www.facebook.com\/federaciodemorosicristiansdoliva\/\" \/>\n<meta property=\"article:modified_time\" content=\"2021-04-08T18:51:02+00:00\" \/>\n<meta name=\"twitter:card\" content=\"summary_large_image\" \/>\n<meta name=\"twitter:label1\" content=\"Tiempo de lectura\" \/>\n\t<meta name=\"twitter:data1\" content=\"1 minuto\" \/>\n<script type=\"application\/ld+json\" class=\"yoast-schema-graph\">{\"@context\":\"https:\\\/\\\/schema.org\",\"@graph\":[{\"@type\":\"WebPage\",\"@id\":\"https:\\\/\\\/olivamorosicristians.es\\\/noticies\\\/alta-de-la-subscripcio-de-noticies\\\/\",\"url\":\"https:\\\/\\\/olivamorosicristians.es\\\/noticies\\\/alta-de-la-subscripcio-de-noticies\\\/\",\"name\":\"Alta de la subscripci\u00f3 de not\u00edcies - Moros i Cristians Oliva\",\"isPartOf\":{\"@id\":\"https:\\\/\\\/olivamorosicristians.es\\\/#website\"},\"datePublished\":\"2021-04-08T18:07:46+00:00\",\"dateModified\":\"2021-04-08T18:51:02+00:00\",\"breadcrumb\":{\"@id\":\"https:\\\/\\\/olivamorosicristians.es\\\/noticies\\\/alta-de-la-subscripcio-de-noticies\\\/#breadcrumb\"},\"inLanguage\":\"es\",\"potentialAction\":[{\"@type\":\"ReadAction\",\"target\":[\"https:\\\/\\\/olivamorosicristians.es\\\/noticies\\\/alta-de-la-subscripcio-de-noticies\\\/\"]}]},{\"@type\":\"BreadcrumbList\",\"@id\":\"https:\\\/\\\/olivamorosicristians.es\\\/noticies\\\/alta-de-la-subscripcio-de-noticies\\\/#breadcrumb\",\"itemListElement\":[{\"@type\":\"ListItem\",\"position\":1,\"name\":\"Portada\",\"item\":\"https:\\\/\\\/olivamorosicristians.es\\\/\"},{\"@type\":\"ListItem\",\"position\":2,\"name\":\"Not\u00edcies\",\"item\":\"https:\\\/\\\/olivamorosicristians.es\\\/noticies\\\/\"},{\"@type\":\"ListItem\",\"position\":3,\"name\":\"Alta de la subscripci\u00f3 de not\u00edcies\"}]},{\"@type\":\"WebSite\",\"@id\":\"https:\\\/\\\/olivamorosicristians.es\\\/#website\",\"url\":\"https:\\\/\\\/olivamorosicristians.es\\\/\",\"name\":\"Moros i Cristians Oliva\",\"description\":\"FMCO\",\"publisher\":{\"@id\":\"https:\\\/\\\/olivamorosicristians.es\\\/#organization\"},\"potentialAction\":[{\"@type\":\"SearchAction\",\"target\":{\"@type\":\"EntryPoint\",\"urlTemplate\":\"https:\\\/\\\/olivamorosicristians.es\\\/?s={search_term_string}\"},\"query-input\":{\"@type\":\"PropertyValueSpecification\",\"valueRequired\":true,\"valueName\":\"search_term_string\"}}],\"inLanguage\":\"es\"},{\"@type\":\"Organization\",\"@id\":\"https:\\\/\\\/olivamorosicristians.es\\\/#organization\",\"name\":\"Federaci\u00f3 de Moros i Cristians - Oliva\",\"url\":\"https:\\\/\\\/olivamorosicristians.es\\\/\",\"logo\":{\"@type\":\"ImageObject\",\"inLanguage\":\"es\",\"@id\":\"https:\\\/\\\/olivamorosicristians.es\\\/#\\\/schema\\\/logo\\\/image\\\/\",\"url\":\"https:\\\/\\\/i2.wp.com\\\/olivamorosicristians.es\\\/wp-content\\\/uploads\\\/2018\\\/06\\\/Icon_FMiCO.png?fit=50%2C50&ssl=1\",\"contentUrl\":\"https:\\\/\\\/i2.wp.com\\\/olivamorosicristians.es\\\/wp-content\\\/uploads\\\/2018\\\/06\\\/Icon_FMiCO.png?fit=50%2C50&ssl=1\",\"width\":50,\"height\":50,\"caption\":\"Federaci\u00f3 de Moros i Cristians - Oliva\"},\"image\":{\"@id\":\"https:\\\/\\\/olivamorosicristians.es\\\/#\\\/schema\\\/logo\\\/image\\\/\"},\"sameAs\":[\"https:\\\/\\\/www.facebook.com\\\/federaciodemorosicristiansdoliva\\\/\",\"https:\\\/\\\/www.instagram.com\\\/morosicristiansoliva\\\/?hl=es\"]}]}<\/script>\n<!-- \/ Yoast SEO plugin. -->","yoast_head_json":{"title":"Alta de la subscripci\u00f3 de not\u00edcies - Moros i Cristians Oliva","robots":{"index":"index","follow":"follow","max-snippet":"max-snippet:-1","max-image-preview":"max-image-preview:large","max-video-preview":"max-video-preview:-1"},"canonical":"https:\/\/olivamorosicristians.es\/es\/noticies\/alta-de-la-subscripcio-de-noticies\/","og_locale":"es_ES","og_type":"article","og_title":"Alta de la subscripci\u00f3 de not\u00edcies - Moros i Cristians Oliva","og_url":"https:\/\/olivamorosicristians.es\/es\/noticies\/alta-de-la-subscripcio-de-noticies\/","og_site_name":"Moros i Cristians Oliva","article_publisher":"https:\/\/www.facebook.com\/federaciodemorosicristiansdoliva\/","article_modified_time":"2021-04-08T18:51:02+00:00","twitter_card":"summary_large_image","twitter_misc":{"Tiempo de lectura":"1 minuto"},"schema":{"@context":"https:\/\/schema.org","@graph":[{"@type":"WebPage","@id":"https:\/\/olivamorosicristians.es\/noticies\/alta-de-la-subscripcio-de-noticies\/","url":"https:\/\/olivamorosicristians.es\/noticies\/alta-de-la-subscripcio-de-noticies\/","name":"Alta de la subscripci\u00f3 de not\u00edcies - Moros i Cristians Oliva","isPartOf":{"@id":"https:\/\/olivamorosicristians.es\/#website"},"datePublished":"2021-04-08T18:07:46+00:00","dateModified":"2021-04-08T18:51:02+00:00","breadcrumb":{"@id":"https:\/\/olivamorosicristians.es\/noticies\/alta-de-la-subscripcio-de-noticies\/#breadcrumb"},"inLanguage":"es","potentialAction":[{"@type":"ReadAction","target":["https:\/\/olivamorosicristians.es\/noticies\/alta-de-la-subscripcio-de-noticies\/"]}]},{"@type":"BreadcrumbList","@id":"https:\/\/olivamorosicristians.es\/noticies\/alta-de-la-subscripcio-de-noticies\/#breadcrumb","itemListElement":[{"@type":"ListItem","position":1,"name":"Portada","item":"https:\/\/olivamorosicristians.es\/"},{"@type":"ListItem","position":2,"name":"Not\u00edcies","item":"https:\/\/olivamorosicristians.es\/noticies\/"},{"@type":"ListItem","position":3,"name":"Alta de la subscripci\u00f3 de not\u00edcies"}]},{"@type":"WebSite","@id":"https:\/\/olivamorosicristians.es\/#website","url":"https:\/\/olivamorosicristians.es\/","name":"Moros i Cristians Oliva","description":"FMCO","publisher":{"@id":"https:\/\/olivamorosicristians.es\/#organization"},"potentialAction":[{"@type":"SearchAction","target":{"@type":"EntryPoint","urlTemplate":"https:\/\/olivamorosicristians.es\/?s={search_term_string}"},"query-input":{"@type":"PropertyValueSpecification","valueRequired":true,"valueName":"search_term_string"}}],"inLanguage":"es"},{"@type":"Organization","@id":"https:\/\/olivamorosicristians.es\/#organization","name":"La Federaci\u00f3n de Moros y Cristianos de Oliva","url":"https:\/\/olivamorosicristians.es\/","logo":{"@type":"ImageObject","inLanguage":"es","@id":"https:\/\/olivamorosicristians.es\/#\/schema\/logo\/image\/","url":"https:\/\/i2.wp.com\/olivamorosicristians.es\/wp-content\/uploads\/2018\/06\/Icon_FMiCO.png?fit=50%2C50&ssl=1","contentUrl":"https:\/\/i2.wp.com\/olivamorosicristians.es\/wp-content\/uploads\/2018\/06\/Icon_FMiCO.png?fit=50%2C50&ssl=1","width":50,"height":50,"caption":"Federaci\u00f3 de Moros i Cristians - Oliva"},"image":{"@id":"https:\/\/olivamorosicristians.es\/#\/schema\/logo\/image\/"},"sameAs":["https:\/\/www.facebook.com\/federaciodemorosicristiansdoliva\/","https:\/\/www.instagram.com\/morosicristiansoliva\/?hl=es"]}]}},"jetpack_sharing_enabled":true,"jetpack_shortlink":"https:\/\/wp.me\/PagEx6-2Gt","jetpack-related-posts":[],"_links":{"self":[{"href":"https:\/\/olivamorosicristians.es\/es\/wp-json\/wp\/v2\/pages\/10321","targetHints":{"allow":["GET"]}}],"collection":[{"href":"https:\/\/olivamorosicristians.es\/es\/wp-json\/wp\/v2\/pages"}],"about":[{"href":"https:\/\/olivamorosicristians.es\/es\/wp-json\/wp\/v2\/types\/page"}],"author":[{"embeddable":true,"href":"https:\/\/olivamorosicristians.es\/es\/wp-json\/wp\/v2\/users\/1"}],"replies":[{"embeddable":true,"href":"https:\/\/olivamorosicristians.es\/es\/wp-json\/wp\/v2\/comments?post=10321"}],"version-history":[{"count":11,"href":"https:\/\/olivamorosicristians.es\/es\/wp-json\/wp\/v2\/pages\/10321\/revisions"}],"predecessor-version":[{"id":10437,"href":"https:\/\/olivamorosicristians.es\/es\/wp-json\/wp\/v2\/pages\/10321\/revisions\/10437"}],"up":[{"embeddable":true,"href":"https:\/\/olivamorosicristians.es\/es\/wp-json\/wp\/v2\/pages\/7042"}],"wp:attachment":[{"href":"https:\/\/olivamorosicristians.es\/es\/wp-json\/wp\/v2\/media?parent=10321"}],"curies":[{"name":"wp","href":"https:\/\/api.w.org\/{rel}","templated":true}]}}